{"id":1778,"date":"2024-04-10T18:59:19","date_gmt":"2024-04-10T16:59:19","guid":{"rendered":"https:\/\/hinkelshof.de\/imprint\/"},"modified":"2025-03-01T13:38:45","modified_gmt":"2025-03-01T12:38:45","slug":"imprint","status":"publish","type":"page","link":"https:\/\/hinkelshof.de\/en\/imprint\/","title":{"rendered":"imprint"},"content":{"rendered":"\t\t<div data-elementor-type=\"wp-page\" data-elementor-id=\"1778\" class=\"elementor elementor-1778 elementor-388\" data-elementor-settings=\"{&quot;ha_cmc_init_switcher&quot;:&quot;no&quot;}\">\n\t\t\t\t<div class=\"elementor-element elementor-element-58a2fb2 e-con-full e-flex e-con e-parent\" data-id=\"58a2fb2\" data-element_type=\"container\" data-e-type=\"container\" data-settings=\"{&quot;background_background&quot;:&quot;slideshow&quot;,&quot;background_slideshow_gallery&quot;:[{&quot;id&quot;:108,&quot;url&quot;:&quot;https:\\\/\\\/hinkelshof.de\\\/wp-content\\\/uploads\\\/2024\\\/03\\\/Cozy.jpg&quot;},{&quot;id&quot;:107,&quot;url&quot;:&quot;https:\\\/\\\/hinkelshof.de\\\/wp-content\\\/uploads\\\/2024\\\/03\\\/Aussenbereich.jpg&quot;},{&quot;id&quot;:103,&quot;url&quot;:&quot;https:\\\/\\\/hinkelshof.de\\\/wp-content\\\/uploads\\\/2024\\\/03\\\/Spielplatz.jpg&quot;},{&quot;id&quot;:90,&quot;url&quot;:&quot;https:\\\/\\\/hinkelshof.de\\\/wp-content\\\/uploads\\\/2024\\\/03\\\/Winter_2.jpg&quot;}],&quot;background_slideshow_ken_burns&quot;:&quot;yes&quot;,&quot;background_slideshow_loop&quot;:&quot;yes&quot;,&quot;background_slideshow_slide_duration&quot;:5000,&quot;background_slideshow_slide_transition&quot;:&quot;fade&quot;,&quot;background_slideshow_transition_duration&quot;:500,&quot;background_slideshow_ken_burns_zoom_direction&quot;:&quot;in&quot;,&quot;_ha_eqh_enable&quot;:false}\">\n\t\t\t\t<\/div>\n\t\t<div class=\"elementor-element elementor-element-2ee2fa9 e-flex e-con-boxed e-con e-parent\" data-id=\"2ee2fa9\" data-element_type=\"container\" data-e-type=\"container\" data-settings=\"{&quot;_ha_eqh_enable&quot;:false}\">\n\t\t\t\t\t<div class=\"e-con-inner\">\n\t\t\t\t<div class=\"elementor-element elementor-element-9edd8d1 elementor-widget elementor-widget-heading\" data-id=\"9edd8d1\" data-element_type=\"widget\" data-e-type=\"widget\" data-widget_type=\"heading.default\">\n\t\t\t\t<div class=\"elementor-widget-container\">\n\t\t\t\t\t<h1 class=\"elementor-heading-title elementor-size-default\">imprint<\/h1>\t\t\t\t<\/div>\n\t\t\t\t<\/div>\n\t\t\t\t\t<\/div>\n\t\t\t\t<\/div>\n\t\t<div class=\"elementor-element elementor-element-a9e17e3 e-flex e-con-boxed e-con e-parent\" data-id=\"a9e17e3\" data-element_type=\"container\" data-e-type=\"container\" data-settings=\"{&quot;_ha_eqh_enable&quot;:false}\">\n\t\t\t\t\t<div class=\"e-con-inner\">\n\t\t<div class=\"elementor-element elementor-element-3909da1 e-con-full e-flex e-con e-child\" data-id=\"3909da1\" data-element_type=\"container\" data-e-type=\"container\" data-settings=\"{&quot;_ha_eqh_enable&quot;:false}\">\n\t\t\t\t<div class=\"elementor-element elementor-element-9f86c8b elementor-widget elementor-widget-text-editor\" data-id=\"9f86c8b\" data-element_type=\"widget\" data-e-type=\"widget\" data-widget_type=\"text-editor.default\">\n\t\t\t\t<div class=\"elementor-widget-container\">\n\t\t\t\t\t\t\t\t\t<h3>Hinkelshof GbR<\/h3>\n<p><strong>Represented by:<\/strong><br \/>Anna-Marie Herdtle und Alex Hornick<\/p>\n<p>T +49 (0)6566 933 83 13<br \/>info@hinkelshof.de<\/p>\n<p><strong>Address<\/strong>:<br \/>Hauptstra\u00dfe 14<br \/>D-54675 K\u00f6rperich, district of Seimerich<br \/>Eifelkreis Bitburg-Pr\u00fcm<br \/>Rhineland-Palatinate<\/p>\n\t\t\t\t\t\t\t\t<\/div>\n\t\t\t\t<\/div>\n\t\t\t\t<\/div>\n\t\t<div class=\"elementor-element elementor-element-24fc616 e-con-full e-flex e-con e-child\" data-id=\"24fc616\" data-element_type=\"container\" data-e-type=\"container\" data-settings=\"{&quot;_ha_eqh_enable&quot;:false}\">\n\t\t\t\t<div class=\"elementor-element elementor-element-226ba8f elementor-widget elementor-widget-image\" data-id=\"226ba8f\" data-element_type=\"widget\" data-e-type=\"widget\" data-widget_type=\"image.default\">\n\t\t\t\t<div class=\"elementor-widget-container\">\n\t\t\t\t\t\t\t\t\t\t\t\t\t\t\t<img fetchpriority=\"high\" decoding=\"async\" width=\"1024\" height=\"768\" src=\"https:\/\/hinkelshof.de\/wp-content\/uploads\/2024\/03\/Luft5-1024x768.jpg\" class=\"attachment-large size-large wp-image-928\" alt=\"\" srcset=\"https:\/\/hinkelshof.de\/wp-content\/uploads\/2024\/03\/Luft5-1024x768.jpg 1024w, https:\/\/hinkelshof.de\/wp-content\/uploads\/2024\/03\/Luft5-300x225.jpg 300w, https:\/\/hinkelshof.de\/wp-content\/uploads\/2024\/03\/Luft5-768x576.jpg 768w, https:\/\/hinkelshof.de\/wp-content\/uploads\/2024\/03\/Luft5-1536x1152.jpg 1536w, https:\/\/hinkelshof.de\/wp-content\/uploads\/2024\/03\/Luft5-2048x1536.jpg 2048w\" sizes=\"(max-width: 1024px) 100vw, 1024px\" \/>\t\t\t\t\t\t\t\t\t\t\t\t\t\t\t<\/div>\n\t\t\t\t<\/div>\n\t\t\t\t<\/div>\n\t\t\t\t\t<\/div>\n\t\t\t\t<\/div>\n\t\t<div class=\"elementor-element elementor-element-d5bfb23 e-flex e-con-boxed e-con e-parent\" data-id=\"d5bfb23\" data-element_type=\"container\" data-e-type=\"container\" data-settings=\"{&quot;_ha_eqh_enable&quot;:false}\">\n\t\t\t\t\t<div class=\"e-con-inner\">\n\t\t\t\t<div class=\"elementor-element elementor-element-58d671a elementor-widget-divider--view-line_icon elementor-view-default elementor-widget-divider--element-align-center elementor-widget elementor-widget-divider\" data-id=\"58d671a\" data-element_type=\"widget\" data-e-type=\"widget\" data-widget_type=\"divider.default\">\n\t\t\t\t<div class=\"elementor-widget-container\">\n\t\t\t\t\t\t\t<div class=\"elementor-divider\">\n\t\t\t<span class=\"elementor-divider-separator\">\n\t\t\t\t\t\t\t<div class=\"elementor-icon elementor-divider__element\">\n\t\t\t\t\t<svg aria-hidden=\"true\" class=\"e-font-icon-svg e-fas-bed\" viewBox=\"0 0 640 512\" xmlns=\"http:\/\/www.w3.org\/2000\/svg\"><path d=\"M176 256c44.11 0 80-35.89 80-80s-35.89-80-80-80-80 35.89-80 80 35.89 80 80 80zm352-128H304c-8.84 0-16 7.16-16 16v144H64V80c0-8.84-7.16-16-16-16H16C7.16 64 0 71.16 0 80v352c0 8.84 7.16 16 16 16h32c8.84 0 16-7.16 16-16v-48h512v48c0 8.84 7.16 16 16 16h32c8.84 0 16-7.16 16-16V240c0-61.86-50.14-112-112-112z\"><\/path><\/svg><\/div>\n\t\t\t\t\t\t<\/span>\n\t\t<\/div>\n\t\t\t\t\t\t<\/div>\n\t\t\t\t<\/div>\n\t\t\t\t\t<\/div>\n\t\t\t\t<\/div>\n\t\t<div class=\"elementor-element elementor-element-2360735 e-flex e-con-boxed e-con e-parent\" data-id=\"2360735\" data-element_type=\"container\" data-e-type=\"container\" data-settings=\"{&quot;_ha_eqh_enable&quot;:false}\">\n\t\t\t\t\t<div class=\"e-con-inner\">\n\t\t<div class=\"elementor-element elementor-element-f8153f0 e-con-full e-flex e-con e-child\" data-id=\"f8153f0\" data-element_type=\"container\" data-e-type=\"container\" data-settings=\"{&quot;_ha_eqh_enable&quot;:false}\">\n\t\t\t\t<div class=\"elementor-element elementor-element-89435ec elementor-widget elementor-widget-text-editor\" data-id=\"89435ec\" data-element_type=\"widget\" data-e-type=\"widget\" data-widget_type=\"text-editor.default\">\n\t\t\t\t<div class=\"elementor-widget-container\">\n\t\t\t\t\t\t\t\t\t<p><strong>Design &amp; programming:<\/strong><\/p>\n<p>Ka Communications<br \/>www.kacom.lu<br \/>www.digitalagentur.lu<\/p>\n\t\t\t\t\t\t\t\t<\/div>\n\t\t\t\t<\/div>\n\t\t\t\t<\/div>\n\t\t<div class=\"elementor-element elementor-element-1d89c78 e-con-full e-flex e-con e-child\" data-id=\"1d89c78\" data-element_type=\"container\" data-e-type=\"container\" data-settings=\"{&quot;_ha_eqh_enable&quot;:false}\">\n\t\t\t\t<div class=\"elementor-element elementor-element-ff4ee8f elementor-widget elementor-widget-text-editor\" data-id=\"ff4ee8f\" data-element_type=\"widget\" data-e-type=\"widget\" data-widget_type=\"text-editor.default\">\n\t\t\t\t<div class=\"elementor-widget-container\">\n\t\t\t\t\t\t\t\t\t<p><strong>Fotos:<\/strong><\/p>\n<p>Hinkelshof<\/p>\n\t\t\t\t\t\t\t\t<\/div>\n\t\t\t\t<\/div>\n\t\t\t\t<\/div>\n\t\t\t\t\t<\/div>\n\t\t\t\t<\/div>\n\t\t\t\t<\/div>\n\t\t","protected":false},"excerpt":{"rendered":"<p>imprint Hinkelshof GbR Represented by:Anna-Marie Herdtle und Alex Hornick T +49 (0)6566 933 83 13info@hinkelshof.de Address:Hauptstra\u00dfe 14D-54675 K\u00f6rperich, district of SeimerichEifelkreis Bitburg-Pr\u00fcmRhineland-Palatinate Design &amp; programming: Ka Communicationswww.kacom.luwww.digitalagentur.lu Fotos: Hinkelshof<\/p>\n","protected":false},"author":3,"featured_media":0,"parent":0,"menu_order":0,"comment_status":"closed","ping_status":"closed","template":"","meta":{"neve_meta_sidebar":"","neve_meta_container":"","neve_meta_enable_content_width":"on","neve_meta_content_width":100,"neve_meta_title_alignment":"","neve_meta_author_avatar":"","neve_post_elements_order":"","neve_meta_disable_header":"","neve_meta_disable_footer":"","neve_meta_disable_title":"on","footnotes":""},"class_list":["post-1778","page","type-page","status-publish","hentry"],"_links":{"self":[{"href":"https:\/\/hinkelshof.de\/en\/wp-json\/wp\/v2\/pages\/1778","targetHints":{"allow":["GET"]}}],"collection":[{"href":"https:\/\/hinkelshof.de\/en\/wp-json\/wp\/v2\/pages"}],"about":[{"href":"https:\/\/hinkelshof.de\/en\/wp-json\/wp\/v2\/types\/page"}],"author":[{"embeddable":true,"href":"https:\/\/hinkelshof.de\/en\/wp-json\/wp\/v2\/users\/3"}],"replies":[{"embeddable":true,"href":"https:\/\/hinkelshof.de\/en\/wp-json\/wp\/v2\/comments?post=1778"}],"version-history":[{"count":3,"href":"https:\/\/hinkelshof.de\/en\/wp-json\/wp\/v2\/pages\/1778\/revisions"}],"predecessor-version":[{"id":1832,"href":"https:\/\/hinkelshof.de\/en\/wp-json\/wp\/v2\/pages\/1778\/revisions\/1832"}],"wp:attachment":[{"href":"https:\/\/hinkelshof.de\/en\/wp-json\/wp\/v2\/media?parent=1778"}],"curies":[{"name":"wp","href":"https:\/\/api.w.org\/{rel}","templated":true}]}}